{"id":58,"date":"2021-06-30T15:17:50","date_gmt":"2021-06-30T13:17:50","guid":{"rendered":"https:\/\/helpadmin24.wordpress.com\/?page_id=58"},"modified":"2021-06-30T15:17:50","modified_gmt":"2021-06-30T13:17:50","slug":"communication","status":"publish","type":"page","link":"https:\/\/helpadmin.fr\/?page_id=58","title":{"rendered":"Communication"},"content":{"rendered":"\n<div class=\"wp-block-cover alignfull has-parallax\" style=\"background-image:url('http:\/\/helpadmin.fr\/wp-content\/uploads\/2021\/06\/communication-aditya-wardhana.jpg?w=1024');min-height:300px;\"><div class=\"wp-block-cover__inner-container\">\n<p class=\"has-text-align-center has-large-font-size\">D\u00e9veloppement de votre communication<\/p>\n<\/div><\/div>\n\n\n\n<p><\/p>\n\n\n\n<p class=\"has-text-align-justify\" style=\"line-height:2;\">Vous \u00eates en permanence en train de <strong>faire \u00e9voluer<\/strong> votre structure, de d\u00e9velopper de <strong>nouveaux produits<\/strong> ou de <strong>nouvelles prestations<\/strong>, vous organisez r\u00e9guli\u00e8rement des \u00e9v\u00e9nements, des rencontres \u2026 et vous souhaitez le faire savoir !<br>Vous souhaitez maintenir, voire am\u00e9liorer <strong>l\u2019image de votre structure<\/strong> vis-\u00e0-vis de vos clients et partenaires actuels. Et vous souhaitez utiliser cette bonne image pour d\u00e9marcher d\u2019\u00e9ventuels futurs prospects dans les meilleures conditions.<br>Vous souhaitez maintenir un <strong>excellent niveau de communication<\/strong> entre vos diff\u00e9rents collaborateurs, et entre vos \u00e9quipes.<br><strong>Help Admin<\/strong> peut vous apporter son expertise pour mettre en place les documents et les outils n\u00e9cessaires pour \u00eatre toujours en pointe dans votre communication.<\/p>\n\n\n\n<p class=\"has-text-align-justify\" style=\"line-height:2;\">\u2022 Cr\u00e9ations de <strong>documents commerciaux<\/strong> : cartes de visite, prospectus, affiches, flyers ;<br>\u2022 D\u00e9veloppement et gestion de <strong>sites internet<\/strong> ;<br>\u2022 Cr\u00e9ation de <strong>chartes graphiques<\/strong> ;<br>\u2022 R\u00e9daction de <strong>newsletters<\/strong> ;<br>\u2022 R\u00e9daction de <strong>communiqu\u00e9s de presse<\/strong> ;<br>\u2022 Cr\u00e9ation et organisation de <strong>publipostages<\/strong>.<\/p>\n","protected":false},"excerpt":{"rendered":"<p>Vous \u00eates en permanence en train de faire \u00e9voluer votre structure, de d\u00e9velopper de nouveaux produits ou de nouvelles prestations, vous organisez r\u00e9guli\u00e8rement des \u00e9v\u00e9nements, des rencontres \u2026 et vous souhaitez le faire savoir !Vous souhaitez maintenir, voire am\u00e9liorer l\u2019image de votre structure vis-\u00e0-vis de vos clients et partenaires actuels. Et vous souhaitez utiliser cette &hellip; <a href=\"https:\/\/helpadmin.fr\/?page_id=58\" class=\"more-link\">Continue reading <span class=\"screen-reader-text\">Communication<\/span><\/a><\/p>\n","protected":false},"author":1,"featured_media":0,"parent":0,"menu_order":0,"comment_status":"closed","ping_status":"closed","template":"","meta":{"spay_email":""},"tags":[],"_links":{"self":[{"href":"https:\/\/helpadmin.fr\/index.php?rest_route=\/wp\/v2\/pages\/58"}],"collection":[{"href":"https:\/\/helpadmin.fr\/index.php?rest_route=\/wp\/v2\/pages"}],"about":[{"href":"https:\/\/helpadmin.fr\/index.php?rest_route=\/wp\/v2\/types\/page"}],"author":[{"embeddable":true,"href":"https:\/\/helpadmin.fr\/index.php?rest_route=\/wp\/v2\/users\/1"}],"replies":[{"embeddable":true,"href":"https:\/\/helpadmin.fr\/index.php?rest_route=%2Fwp%2Fv2%2Fcomments&post=58"}],"version-history":[{"count":0,"href":"https:\/\/helpadmin.fr\/index.php?rest_route=\/wp\/v2\/pages\/58\/revisions"}],"wp:attachment":[{"href":"https:\/\/helpadmin.fr\/index.php?rest_route=%2Fwp%2Fv2%2Fmedia&parent=58"}],"wp:term":[{"taxonomy":"post_tag","embeddable":true,"href":"https:\/\/helpadmin.fr\/index.php?rest_route=%2Fwp%2Fv2%2Ftags&post=58"}],"curies":[{"name":"wp","href":"https:\/\/api.w.org\/{rel}","templated":true}]}}