{"id":57,"date":"2021-06-30T15:17:53","date_gmt":"2021-06-30T13:17:53","guid":{"rendered":"https:\/\/helpadmin24.wordpress.com\/?page_id=57"},"modified":"2021-06-30T15:17:53","modified_gmt":"2021-06-30T13:17:53","slug":"organisation","status":"publish","type":"page","link":"https:\/\/helpadmin.fr\/?page_id=57","title":{"rendered":"Organisation"},"content":{"rendered":"\n<div class=\"wp-block-cover alignfull has-background-dim-60 has-background-dim has-parallax\" style=\"background-image:url('http:\/\/helpadmin.fr\/wp-content\/uploads\/2021\/06\/planning-firmbee.jpg?w=712');min-height:300px;\"><div class=\"wp-block-cover__inner-container\">\n<p class=\"has-text-align-center has-large-font-size\">Organisation de votre structure<\/p>\n<\/div><\/div>\n\n\n\n<p><\/p>\n\n\n\n<p class=\"has-text-align-justify\" style=\"line-height:2;\">Afin d&#8217;am\u00e9liorer la <strong>qualit\u00e9 de vos prestations<\/strong> et la <strong>relation avec vos clients<\/strong> et partenaires, il vous est indispensable de fluidifier la gestion de votre structure.<br>Que ce soit directement sur votre site ou en distanciel, <strong>Help Admin<\/strong> peut vous aider \u00e0 mettre en place les outils n\u00e9cessaires pour d\u00e9velopper le suivi de vos dossiers, et enrichir ainsi la communication \u00e0 l&#8217;int\u00e9rieur m\u00eame de votre structure.<\/p>\n\n\n\n<p class=\"has-text-align-justify\" style=\"line-height:2;\">\u2022 Mise en place d&#8217;<strong>outils collaboratifs <\/strong>sur site ou en ligne&nbsp; : agendas, prises de rendez-vous, suivi de dossiers, m\u00e9mos\u2026&nbsp; ;<br>\u2022 Mise en place d&#8217;outils de <strong>plannings des \u00e9quipes<\/strong> et de gestion du personnel&nbsp; ;<br>\u2022 <strong>Organisation de vos r\u00e9unions<\/strong>&nbsp; : choix des lieux et des dates possibles via questionnaires en ligne, r\u00e9servation des salles, convocation des participants&nbsp; ;<br>\u2022 Mise en place d&#8217;outils de <strong>gestion des projets<\/strong>&nbsp; : plannings pr\u00e9visionnels pour un meilleur suivi des d\u00e9lais (Gantt\u2026), suivi budg\u00e9taire, alertes en cas de d\u00e9passement\u2026&nbsp; ;<br>\u2022 Cr\u00e9ation de <strong>bases de donn\u00e9es<\/strong> pour un suivi plus simple et pr\u00e9cis de vos clients et de vos partenaires&nbsp; ;<br>\u2022 <strong>Archivage<\/strong> de documents, mise en place de codifications pour un <strong>classement plus rapide<\/strong> des dossiers&nbsp; : classement de factures, de dossiers clients, suivi des prestations, classement des \u00e9l\u00e9ments comptables\u2026&nbsp; ;<br>\u2022 Classement et r\u00e9partition du courrier&nbsp;.<\/p>\n","protected":false},"excerpt":{"rendered":"<p>Afin d&#8217;am\u00e9liorer la qualit\u00e9 de vos prestations et la relation avec vos clients et partenaires, il vous est indispensable de fluidifier la gestion de votre structure.Que ce soit directement sur votre site ou en distanciel, Help Admin peut vous aider \u00e0 mettre en place les outils n\u00e9cessaires pour d\u00e9velopper le suivi de vos dossiers, et &hellip; <a href=\"https:\/\/helpadmin.fr\/?page_id=57\" class=\"more-link\">Continue reading <span class=\"screen-reader-text\">Organisation<\/span><\/a><\/p>\n","protected":false},"author":1,"featured_media":0,"parent":0,"menu_order":0,"comment_status":"closed","ping_status":"closed","template":"","meta":{"spay_email":""},"tags":[],"_links":{"self":[{"href":"https:\/\/helpadmin.fr\/index.php?rest_route=\/wp\/v2\/pages\/57"}],"collection":[{"href":"https:\/\/helpadmin.fr\/index.php?rest_route=\/wp\/v2\/pages"}],"about":[{"href":"https:\/\/helpadmin.fr\/index.php?rest_route=\/wp\/v2\/types\/page"}],"author":[{"embeddable":true,"href":"https:\/\/helpadmin.fr\/index.php?rest_route=\/wp\/v2\/users\/1"}],"replies":[{"embeddable":true,"href":"https:\/\/helpadmin.fr\/index.php?rest_route=%2Fwp%2Fv2%2Fcomments&post=57"}],"version-history":[{"count":0,"href":"https:\/\/helpadmin.fr\/index.php?rest_route=\/wp\/v2\/pages\/57\/revisions"}],"wp:attachment":[{"href":"https:\/\/helpadmin.fr\/index.php?rest_route=%2Fwp%2Fv2%2Fmedia&parent=57"}],"wp:term":[{"taxonomy":"post_tag","embeddable":true,"href":"https:\/\/helpadmin.fr\/index.php?rest_route=%2Fwp%2Fv2%2Ftags&post=57"}],"curies":[{"name":"wp","href":"https:\/\/api.w.org\/{rel}","templated":true}]}}