{"id":56,"date":"2021-06-30T10:44:20","date_gmt":"2021-06-30T08:44:20","guid":{"rendered":"https:\/\/helpadmin24.wordpress.com\/?page_id=56"},"modified":"2022-01-28T11:22:35","modified_gmt":"2022-01-28T10:22:35","slug":"assistanat-secretariat","status":"publish","type":"page","link":"https:\/\/helpadmin.fr\/?page_id=56","title":{"rendered":"Assistanat &#8211; Secr\u00e9tariat"},"content":{"rendered":"\n<div class=\"wp-block-cover alignfull has-background-dim-10 has-background-dim has-parallax is-light\" style=\"background-image:url(http:\/\/helpadmin.fr\/wp-content\/uploads\/2021\/06\/secretariat-scott-graham-personnalise.jpg?w=712);min-height:300px\"><div class=\"wp-block-cover__inner-container\">\n<p class=\"has-text-align-center has-large-font-size\">Gestion quotidienne de votre structure<\/p>\n<\/div><\/div>\n\n\n\n<p><\/p>\n\n\n\n<p class=\"has-text-align-justify\" style=\"line-height:2\"><strong>Help Admin<\/strong> vous apporte son aide dans la gestion au quotidien de votre structure, et dans le suivi r\u00e9gulier de vos t\u00e2ches administratives.<br>Sur une fr\u00e9quence d&#8217;interventions que nous <strong><a href=\"https:\/\/helpadmin24.wordpress.com\/contact\/\" target=\"_blank\" rel=\"noreferrer noopener\">d\u00e9finissons ensemble<\/a><\/strong>, nous prenons en charge la gestion de ces t\u00e2ches, vous d\u00e9gageant ainsi le temps n\u00e9cessaire pour vous permettre de vous <strong>concentrer pleinement et sereinement<\/strong> au c\u0153ur de votre activit\u00e9.<\/p>\n\n\n\n<p><\/p>\n\n\n\n<p class=\"has-text-align-justify\" style=\"line-height:2\">\u2022 <strong>Secr\u00e9tariat\u00a0 :<\/strong> gestion de vos mails, r\u00e9daction de courriers courants (assurance, campagnes publicitaires, r\u00e9clamations\u2026), mise en forme de vos devis, de vos factures, r\u00e9daction et mise en forme de dossiers d\u2019appel d\u2019offres, comptes-rendus de r\u00e9unions ou d&#8217;assembl\u00e9es g\u00e9n\u00e9rales&#8230;\u00a0 ;<br>\u2022 Relances <strong>factures clients<\/strong>, gestion des impay\u00e9s\u00a0 ;<br>\u2022 Suivi de <strong>tr\u00e9sorerie<\/strong>, mise en forme et suivi des <strong>budgets pr\u00e9visionnels<\/strong>\u00a0 ;<br>\u2022 Pr\u00e9paration des \u00e9l\u00e9ments comptables en relation avec votre <strong>expert-comptable<\/strong> ;<br>\u2022 Pr\u00e9paration des \u00e9l\u00e9ments constitutifs de l&#8217;<strong>\u00e9laboration des paies<\/strong> ;<br>\u2022 Aide \u00e0 la <strong>demande de subventions<\/strong>\u00a0;<br>\u2022 R\u00e9daction et mise en ligne de vos annonces de recrutement ;<br>\u2022 <strong>Soutien logistique<\/strong>, relation avec les fournisseurs pour le suivi et la v\u00e9rification des commandes et de la facturation\u00a0 ;<br>\u2022 <strong>Standard t\u00e9l\u00e9phonique\u00a0 :<\/strong> gestion de vos appels, prise de messages.<\/p>\n\n\n\n<div class=\"wp-block-group\"><div class=\"wp-block-group__inner-container\"><\/div><\/div>\n","protected":false},"excerpt":{"rendered":"<p>Help Admin vous apporte son aide dans la gestion au quotidien de votre structure, et dans le suivi r\u00e9gulier de vos t\u00e2ches administratives.Sur une fr\u00e9quence d&#8217;interventions que nous d\u00e9finissons ensemble, nous prenons en charge la gestion de ces t\u00e2ches, vous d\u00e9gageant ainsi le temps n\u00e9cessaire pour vous permettre de vous concentrer pleinement et sereinement au &hellip; <a href=\"https:\/\/helpadmin.fr\/?page_id=56\" class=\"more-link\">Continue reading <span class=\"screen-reader-text\">Assistanat &#8211; Secr\u00e9tariat<\/span><\/a><\/p>\n","protected":false},"author":1,"featured_media":0,"parent":0,"menu_order":0,"comment_status":"closed","ping_status":"closed","template":"","meta":{"spay_email":""},"tags":[],"_links":{"self":[{"href":"https:\/\/helpadmin.fr\/index.php?rest_route=\/wp\/v2\/pages\/56"}],"collection":[{"href":"https:\/\/helpadmin.fr\/index.php?rest_route=\/wp\/v2\/pages"}],"about":[{"href":"https:\/\/helpadmin.fr\/index.php?rest_route=\/wp\/v2\/types\/page"}],"author":[{"embeddable":true,"href":"https:\/\/helpadmin.fr\/index.php?rest_route=\/wp\/v2\/users\/1"}],"replies":[{"embeddable":true,"href":"https:\/\/helpadmin.fr\/index.php?rest_route=%2Fwp%2Fv2%2Fcomments&post=56"}],"version-history":[{"count":4,"href":"https:\/\/helpadmin.fr\/index.php?rest_route=\/wp\/v2\/pages\/56\/revisions"}],"predecessor-version":[{"id":207,"href":"https:\/\/helpadmin.fr\/index.php?rest_route=\/wp\/v2\/pages\/56\/revisions\/207"}],"wp:attachment":[{"href":"https:\/\/helpadmin.fr\/index.php?rest_route=%2Fwp%2Fv2%2Fmedia&parent=56"}],"wp:term":[{"taxonomy":"post_tag","embeddable":true,"href":"https:\/\/helpadmin.fr\/index.php?rest_route=%2Fwp%2Fv2%2Ftags&post=56"}],"curies":[{"name":"wp","href":"https:\/\/api.w.org\/{rel}","templated":true}]}}