{"id":144,"date":"2021-06-30T16:59:17","date_gmt":"2021-06-30T14:59:17","guid":{"rendered":"https:\/\/helpadmin24.wordpress.com\/?page_id=144"},"modified":"2022-06-20T13:59:18","modified_gmt":"2022-06-20T11:59:18","slug":"tarifs","status":"publish","type":"page","link":"https:\/\/helpadmin.fr\/?page_id=144","title":{"rendered":"Tarifs"},"content":{"rendered":"\n<div class=\"wp-block-cover alignfull has-parallax is-light\" style=\"background-image:url(http:\/\/helpadmin.fr\/wp-content\/uploads\/2021\/06\/tarifs-kelly-sikkema.jpg?w=1024);min-height:300px\"><div class=\"wp-block-cover__inner-container\">\n<p class=\"has-text-align-center has-large-font-size\">Tarifs de nos prestations<\/p>\n<\/div><\/div>\n\n\n\n<p><\/p>\n\n\n\n<p class=\"has-text-align-justify\"><strong>N\u2019h\u00e9sitez pas \u00e0 nous consulter pour avoir plus de pr\u00e9cisions sur les tarifs propos\u00e9s, et le cas \u00e9ch\u00e9ant obtenir votre tarification personnalis\u00e9e.<\/strong><br>(Tarifs indiqu\u00e9s TTC, et non soumis \u00e0 TVA, selon l\u2019article 293B du CGI)<\/p>\n\n\n\n<p class=\"has-text-align-left\">\u25d8 <strong><span style=\"text-decoration:underline;\">Prestations globales et forfaitaires :<\/span><\/strong><br>\u2022 Tarif \u00e0 l\u2019heure :<strong> 30\u20ac<\/strong> jusqu\u2019\u00e0 5 heures d\u2019intervention ;<br>\u2022 Forfaits fractionnables sur plusieurs mois, dans la limite de 3 mois :<br><strong>\u25e6 5h = 145\u20ac ;<br>\u25e6 10h = 285\u20ac ;<br>\u25e6 15h = 420\u20ac ;<\/strong><br>\u2022 Pour des prestations plus longues ou plus r\u00e9guli\u00e8res, des tarifs seront propos\u00e9s sur devis en fonction de vos besoins sp\u00e9cifiques.<\/p>\n\n\n\n<p class=\"has-text-align-justify\">\u25d8 <strong><span style=\"text-decoration:underline;\">Prestations \u2018\u2019\u00e0 la t\u00e2che\u2019\u2019 (prestations non exhaustives) :\u202f<\/span><\/strong><br>\u2022 Saisie simple et mise en forme de document texte : <strong>5\u20ac\/page<\/strong> ;<br>\u2022 Saisie simple de donn\u00e9es dans un tableur : <strong>0,25\u20ac\/champ<\/strong> ;<br>\u2022 Cr\u00e9ation et saisie de donn\u00e9es complexes dans un tableur : <strong>10\u20ac\/page<\/strong> ;<br>\u2022 Saisie simple d\u2019un diaporama avec images, graphiques, mises en page : <strong>7\u20ac\/page<\/strong> ;<br>\u2022 Cr\u00e9ation de documents complexes, bases de donn\u00e9es, publipostages\u2026 : <strong>tarifs sur devis<\/strong>.<\/p>\n\n\n\n<p class=\"has-text-align-justify\">\u25d8 <strong><span style=\"text-decoration:underline;\">Formations informatiques :<\/span><\/strong><br>\u2022 Les frais de formations d\u00e9pendent de la dur\u00e9e et du rythme de la formation, ainsi que du nombre de stagiaires. Ces frais seront donc \u00e9tablis<strong> sur devis gratuit<\/strong> apr\u00e8s entretien d\u2019\u00e9valuation du niveau du ou des stagiaires, et d\u00e9termination des besoins sp\u00e9cifiques.<br>\u2022 Vos frais de formations pourront \u00eatre <strong>pris en charge dans le cadre de votre CPF<\/strong> ou de celui de vos salari\u00e9s.<\/p>\n\n\n\n<p class=\"has-text-align-justify\">\u25d8 <strong><span style=\"text-decoration:underline;\">Frais de d\u00e9placement \/ Majorations :<\/span><\/strong><br>Des frais de d\u00e9placements pourront \u00eatre appliqu\u00e9s selon la zone d&#8217;intervention (voir nos Conditions G\u00e9n\u00e9rales de Vente).<br>Il pourra aussi \u00eatre appliqu\u00e9 des majorations dans les cas d\u2019urgence n\u00e9cessitant une intervention en dehors des horaires habituels de travail (notamment en soir\u00e9e, week ends, et jours f\u00e9ri\u00e9s).<br>Plus de d\u00e9tails seront apport\u00e9s sur votre chiffrage personnalis\u00e9.<\/p>\n\n\n\n<p><\/p>\n\n\n\n<p><\/p>\n\n\n\n<div class=\"wp-block-file\"><a href=\"http:\/\/helpadmin.fr\/wp-content\/uploads\/2022\/06\/CGV-HelpAdmin-2022.pdf\" target=\"_blank\" rel=\"noreferrer noopener\">CGV HelpAdmin-2022<\/a><a href=\"http:\/\/helpadmin.fr\/wp-content\/uploads\/2022\/06\/CGV-HelpAdmin-2022.pdf\" class=\"wp-block-file__button\" download>T\u00e9l\u00e9charger<\/a><\/div>\n","protected":false},"excerpt":{"rendered":"<p>N\u2019h\u00e9sitez pas \u00e0 nous consulter pour avoir plus de pr\u00e9cisions sur les tarifs propos\u00e9s, et le cas \u00e9ch\u00e9ant obtenir votre tarification personnalis\u00e9e.(Tarifs indiqu\u00e9s TTC, et non soumis \u00e0 TVA, selon l\u2019article 293B du CGI) \u25d8 Prestations globales et forfaitaires :\u2022 Tarif \u00e0 l\u2019heure : 30\u20ac jusqu\u2019\u00e0 5 heures d\u2019intervention ;\u2022 Forfaits fractionnables sur plusieurs mois, &hellip; <a href=\"https:\/\/helpadmin.fr\/?page_id=144\" class=\"more-link\">Continue reading <span class=\"screen-reader-text\">Tarifs<\/span><\/a><\/p>\n","protected":false},"author":1,"featured_media":0,"parent":0,"menu_order":0,"comment_status":"closed","ping_status":"closed","template":"","meta":{"spay_email":""},"tags":[],"_links":{"self":[{"href":"https:\/\/helpadmin.fr\/index.php?rest_route=\/wp\/v2\/pages\/144"}],"collection":[{"href":"https:\/\/helpadmin.fr\/index.php?rest_route=\/wp\/v2\/pages"}],"about":[{"href":"https:\/\/helpadmin.fr\/index.php?rest_route=\/wp\/v2\/types\/page"}],"author":[{"embeddable":true,"href":"https:\/\/helpadmin.fr\/index.php?rest_route=\/wp\/v2\/users\/1"}],"replies":[{"embeddable":true,"href":"https:\/\/helpadmin.fr\/index.php?rest_route=%2Fwp%2Fv2%2Fcomments&post=144"}],"version-history":[{"count":6,"href":"https:\/\/helpadmin.fr\/index.php?rest_route=\/wp\/v2\/pages\/144\/revisions"}],"predecessor-version":[{"id":290,"href":"https:\/\/helpadmin.fr\/index.php?rest_route=\/wp\/v2\/pages\/144\/revisions\/290"}],"wp:attachment":[{"href":"https:\/\/helpadmin.fr\/index.php?rest_route=%2Fwp%2Fv2%2Fmedia&parent=144"}],"wp:term":[{"taxonomy":"post_tag","embeddable":true,"href":"https:\/\/helpadmin.fr\/index.php?rest_route=%2Fwp%2Fv2%2Ftags&post=144"}],"curies":[{"name":"wp","href":"https:\/\/api.w.org\/{rel}","templated":true}]}}