{"id":14,"date":"2020-09-09T15:55:48","date_gmt":"2020-09-09T14:55:48","guid":{"rendered":"https:\/\/helpadmin24.wordpress.com\/?page_id=6"},"modified":"2022-01-21T18:16:19","modified_gmt":"2022-01-21T17:16:19","slug":"home","status":"publish","type":"page","link":"https:\/\/helpadmin.fr\/","title":{"rendered":"Accueil"},"content":{"rendered":"\n<div class=\"wp-block-cover alignfull has-background-dim-10 has-background-dim has-parallax has-background-gradient is-light\" style=\"background-image:url(http:\/\/helpadmin.fr\/wp-content\/uploads\/2021\/06\/office-domenico-loia.jpg);min-height:50px\"><span aria-hidden=\"true\" class=\"wp-block-cover__gradient-background\" style=\"background:linear-gradient(135deg,rgb(6,147,227) 0%,rgb(95,95,95) 54%,rgb(155,81,224) 100%)\"><\/span><div class=\"wp-block-cover__inner-container\">\n<div class=\"wp-block-jetpack-layout-grid alignfull column1-desktop-grid__span-10 column1-desktop-grid__start-2 column1-desktop-grid__row-1 column1-tablet-grid__span-8 column1-tablet-grid__row-1 column1-mobile-grid__span-4 column1-mobile-grid__row-1\">\n<div class=\"wp-block-jetpack-layout-grid-column wp-block-jetpack-layout-grid__padding-none\">\n<h1 class=\"has-text-align-center has-black-color has-text-color\" id=\"help-admin\" style=\"font-size:55px\"><span style=\"text-decoration:underline;\"><strong><span class=\"has-inline-color has-black-color\">Help Admin<\/span><\/strong><\/span><\/h1>\n\n\n\n<p><\/p>\n\n\n\n<p class=\"has-text-align-center has-black-color has-text-color\" style=\"font-size:38px;line-height:1.5\"><strong><span class=\"has-inline-color has-black-color\">Support Administratif<\/span><\/strong><\/p>\n\n\n\n<p class=\"has-text-align-center has-black-color has-text-color\" style=\"font-size:30px;line-height:1.5\"><strong>E<span class=\"has-inline-color has-black-color\">ntreprises, Associations, Particuliers<\/span><\/strong><\/p>\n\n\n\n<div class=\"wp-block-buttons is-content-justification-center\">\n<div class=\"wp-block-button\"><a class=\"wp-block-button__link has-black-color has-light-gray-background-color has-text-color has-background\" href=\"https:\/\/helpadmin24.wordpress.com\/contact\/\" title=\"learn.wordpress.com\" style=\"border-radius:10pxpx\" target=\"_blank\" rel=\"noreferrer noopener\">Nous contacter<\/a><\/div>\n<\/div>\n<\/div>\n<\/div>\n<\/div><\/div>\n\n\n\n<p><\/p>\n\n\n\n<p class=\"has-text-align-justify\"><em>\u00ab&nbsp;&#8230; alors, ce week-end je peux pas, il faut que je finalise des devis que j\u2019ai en retard. Et puis j\u2019ai encore quelques factures \u00e0 envoyer. Et quand j\u2019aurai fait mes rapprochements bancaires, je pourrai enfin pr\u00e9parer mes interventions pour la semaine \u00e0 venir\u2026 ce qui me laissera ensuite un peu de temps pour anticiper les futurs recrutements.<br>Le week-end suivant&nbsp;? Ca risque d\u2019\u00eatre assez compliqu\u00e9 aussi. Mais peut-\u00eatre un soir dans la semaine, si j\u2019arrive \u00e0 finir assez t\u00f4t\u2026 ou alors la semaine prochaine\u2026&nbsp;\u00bb<\/em><\/p>\n\n\n\n<p class=\"has-text-align-justify\">Ce type de situation vous parle&nbsp;? Un air de d\u00e9j\u00e0-vu peut-\u00eatre&nbsp;? C\u2019est normal&nbsp;: toute ressemblance avec des situations r\u00e9elles n\u2019est absolument pas fortuite&nbsp;!<\/p>\n\n\n\n<p class=\"has-text-align-justify\">Apr\u00e8s plus de <strong>18 ans d\u2019exp\u00e9rience<\/strong> dans la gestion administrative et financi\u00e8re d\u2019entreprises et d\u2019associations pour lesquelles j\u2019ai travaill\u00e9, et notamment 11 ann\u00e9es pass\u00e9es \u00e0 la t\u00eate de ma propre entreprise artisanale, j\u2019ai pu \u00e9valuer les difficult\u00e9s que rencontraient au quotidien certains de mes coll\u00e8gues chefs de petites entreprises ou responsables d\u2019associations pour tenir leurs \u00e9ch\u00e9ances administratives ou respecter des d\u00e9lais commerciaux.<br>La lourdeur des t\u00e2ches administratives oblige souvent la plupart de ces responsables <strong>\u00e0 prendre sur leur temps personnel et leur vie de famille<\/strong> pour finaliser des dossiers, pr\u00e9parer des devis, facturer les prestations, planifier les interventions \u00e0 venir, anticiper leurs recrutements, trouver des fonds pour leur fonctionnement, s\u2019assurer d\u2019une tr\u00e9sorerie suffisante pour clore le mois\u2026 ces mille emb\u00fbches, toutes ces t\u00e2ches annexes qui parasitent un quotidien et peuvent peu \u00e0 peu rendre le plaisir d\u2019un m\u00e9tier et m\u00eame une passion en parcours de combattant !<br>Le manque de visibilit\u00e9 sur l\u2019activit\u00e9 et les difficult\u00e9s \u00e0 trouver suffisamment de personnel comp\u00e9tent emp\u00eachent souvent le recrutement d\u2019une ou d\u2019un secr\u00e9taire, ou d\u2019une assistance suppl\u00e9mentaire, m\u00eame pour un temps partiel.<\/p>\n\n\n\n<p class=\"has-text-align-justify\">Ainsi, riche de cette exp\u00e9rience et fort de ce constat, j\u2019ai d\u00e9cid\u00e9 de venir en aide aux responsables de ces structures en cr\u00e9ant <strong>Help Admin<\/strong>, la structure d\u2019assistance administrative ind\u00e9pendante indispensable pour une bonne gestion \u00e0 moindre co\u00fbt.<br>La force de l\u2019ind\u00e9pendance tient dans la flexibilit\u00e9 des prestations propos\u00e9es, la r\u00e9activit\u00e9 et l\u2019autonomie lors des interventions, ainsi que la discr\u00e9tion indispensable pour p\u00e9n\u00e9trer dans la vie des entreprises et des associations.<br>Aujourd\u2019hui, <strong>Help Admin<\/strong> vous propose tout un panel de prestations qui peuvent r\u00e9pondre de fa\u00e7on ponctuelle ou r\u00e9currente \u00e0 la plupart de vos besoins en mati\u00e8re de secr\u00e9tariat et d\u2019assistance administrative.<\/p>\n\n\n\n<p class=\"has-text-align-center\"><a href=\"https:\/\/helpadmin24.wordpress.com\/contact\/\">N\u2019h\u00e9sitez pas \u00e0 nous contacter pour de plus amples renseignements ou pour une prise de rendez-vous<\/a>.<\/p>\n","protected":false},"excerpt":{"rendered":"<p>\u00ab&nbsp;&#8230; alors, ce week-end je peux pas, il faut que je finalise des devis que j\u2019ai en retard. Et puis j\u2019ai encore quelques factures \u00e0 envoyer. Et quand j\u2019aurai fait mes rapprochements bancaires, je pourrai enfin pr\u00e9parer mes interventions pour la semaine \u00e0 venir\u2026 ce qui me laissera ensuite un peu de temps pour anticiper &hellip; <a href=\"https:\/\/helpadmin.fr\/\" class=\"more-link\">Continue reading <span class=\"screen-reader-text\">Accueil<\/span><\/a><\/p>\n","protected":false},"author":1,"featured_media":66,"parent":0,"menu_order":1,"comment_status":"closed","ping_status":"closed","template":"","meta":{"spay_email":""},"tags":[3,5],"_links":{"self":[{"href":"https:\/\/helpadmin.fr\/index.php?rest_route=\/wp\/v2\/pages\/14"}],"collection":[{"href":"https:\/\/helpadmin.fr\/index.php?rest_route=\/wp\/v2\/pages"}],"about":[{"href":"https:\/\/helpadmin.fr\/index.php?rest_route=\/wp\/v2\/types\/page"}],"author":[{"embeddable":true,"href":"https:\/\/helpadmin.fr\/index.php?rest_route=\/wp\/v2\/users\/1"}],"replies":[{"embeddable":true,"href":"https:\/\/helpadmin.fr\/index.php?rest_route=%2Fwp%2Fv2%2Fcomments&post=14"}],"version-history":[{"count":4,"href":"https:\/\/helpadmin.fr\/index.php?rest_route=\/wp\/v2\/pages\/14\/revisions"}],"predecessor-version":[{"id":198,"href":"https:\/\/helpadmin.fr\/index.php?rest_route=\/wp\/v2\/pages\/14\/revisions\/198"}],"wp:featuredmedia":[{"embeddable":true,"href":"https:\/\/helpadmin.fr\/index.php?rest_route=\/wp\/v2\/media\/66"}],"wp:attachment":[{"href":"https:\/\/helpadmin.fr\/index.php?rest_route=%2Fwp%2Fv2%2Fmedia&parent=14"}],"wp:term":[{"taxonomy":"post_tag","embeddable":true,"href":"https:\/\/helpadmin.fr\/index.php?rest_route=%2Fwp%2Fv2%2Ftags&post=14"}],"curies":[{"name":"wp","href":"https:\/\/api.w.org\/{rel}","templated":true}]}}